{"id":38,"date":"2024-05-02T19:43:48","date_gmt":"2024-05-02T17:43:48","guid":{"rendered":"http:\/\/theauthenticj.com\/?page_id=38"},"modified":"2024-05-24T15:37:53","modified_gmt":"2024-05-24T14:37:53","slug":"sentier-des-etoiles","status":"publish","type":"page","link":"https:\/\/theauthenticj.com\/?page_id=38","title":{"rendered":"Sentier des \u00e9toiles"},"content":{"rendered":"\t\t<div data-elementor-type=\"wp-page\" data-elementor-id=\"38\" class=\"elementor elementor-38\">\n\t\t\t\t<div class=\"elementor-element elementor-element-1842067c e-flex e-con-boxed wpr-particle-no wpr-jarallax-no wpr-parallax-no wpr-sticky-section-no e-con e-parent\" data-id=\"1842067c\" data-element_type=\"container\">\n\t\t\t\t\t<div class=\"e-con-inner\">\n\t\t\t\t<div class=\"elementor-element elementor-element-6e819556 elementor-widget elementor-widget-spacer\" data-id=\"6e819556\" data-element_type=\"widget\" data-widget_type=\"spacer.default\">\n\t\t\t\t<div class=\"elementor-widget-container\">\n\t\t\t\t\t\t\t<div class=\"elementor-spacer\">\n\t\t\t<div class=\"elementor-spacer-inner\"><\/div>\n\t\t<\/div>\n\t\t\t\t\t\t<\/div>\n\t\t\t\t<\/div>\n\t\t\t\t\t<\/div>\n\t\t\t\t<\/div>\n\t\t<div class=\"elementor-element elementor-element-79c8ea3b e-flex e-con-boxed wpr-particle-no wpr-jarallax-no wpr-parallax-no wpr-sticky-section-no e-con e-parent\" data-id=\"79c8ea3b\" data-element_type=\"container\">\n\t\t\t\t\t<div class=\"e-con-inner\">\n\t\t\t\t<div class=\"elementor-element elementor-element-60d7e3bc elementor-widget elementor-widget-heading\" data-id=\"60d7e3bc\" data-element_type=\"widget\" data-widget_type=\"heading.default\">\n\t\t\t\t<div class=\"elementor-widget-container\">\n\t\t\t\t\t<h2 class=\"elementor-heading-title elementor-size-default\">Sentier des \u00e9toiles<\/h2>\t\t\t\t<\/div>\n\t\t\t\t<\/div>\n\t\t\t\t<div class=\"elementor-element elementor-element-f51d880 elementor-widget-divider--view-line elementor-widget elementor-widget-divider\" data-id=\"f51d880\" data-element_type=\"widget\" data-widget_type=\"divider.default\">\n\t\t\t\t<div class=\"elementor-widget-container\">\n\t\t\t\t\t\t\t<div class=\"elementor-divider\">\n\t\t\t<span class=\"elementor-divider-separator\">\n\t\t\t\t\t\t<\/span>\n\t\t<\/div>\n\t\t\t\t\t\t<\/div>\n\t\t\t\t<\/div>\n\t\t\t\t\t<\/div>\n\t\t\t\t<\/div>\n\t\t<div class=\"elementor-element elementor-element-66711ec8 e-flex e-con-boxed wpr-particle-no wpr-jarallax-no wpr-parallax-no wpr-sticky-section-no e-con e-parent\" data-id=\"66711ec8\" data-element_type=\"container\">\n\t\t\t\t\t<div class=\"e-con-inner\">\n\t\t<div class=\"elementor-element elementor-element-720fa34c e-con-full e-flex wpr-particle-no wpr-jarallax-no wpr-parallax-no wpr-sticky-section-no e-con e-child\" data-id=\"720fa34c\" data-element_type=\"container\">\n\t\t\t\t<div class=\"elementor-element elementor-element-384a558b elementor-widget elementor-widget-image\" data-id=\"384a558b\" data-element_type=\"widget\" data-widget_type=\"image.default\">\n\t\t\t\t<div class=\"elementor-widget-container\">\n\t\t\t\t\t\t\t\t\t\t\t\t\t\t\t<img fetchpriority=\"high\" decoding=\"async\" width=\"400\" height=\"300\" src=\"https:\/\/theauthenticj.com\/wp-content\/uploads\/2024\/05\/SENTIER-DES-ETOILES-1.jpg\" class=\"attachment-large size-large wp-image-1262\" alt=\"\" srcset=\"https:\/\/theauthenticj.com\/wp-content\/uploads\/2024\/05\/SENTIER-DES-ETOILES-1.jpg 400w, https:\/\/theauthenticj.com\/wp-content\/uploads\/2024\/05\/SENTIER-DES-ETOILES-1-300x225.jpg 300w\" sizes=\"(max-width: 400px) 100vw, 400px\" \/>\t\t\t\t\t\t\t\t\t\t\t\t\t\t\t<\/div>\n\t\t\t\t<\/div>\n\t\t\t\t<div class=\"elementor-element elementor-element-6109bf30 elementor-widget elementor-widget-heading\" data-id=\"6109bf30\" data-element_type=\"widget\" data-widget_type=\"heading.default\">\n\t\t\t\t<div class=\"elementor-widget-container\">\n\t\t\t\t\t<h2 class=\"elementor-heading-title elementor-size-default\">Le sentier des \u00e9toiles 2022 (75cl)<\/h2>\t\t\t\t<\/div>\n\t\t\t\t<\/div>\n\t\t<div class=\"elementor-element elementor-element-d328139 e-flex e-con-boxed wpr-particle-no wpr-jarallax-no wpr-parallax-no wpr-sticky-section-no e-con e-child\" data-id=\"d328139\" data-element_type=\"container\">\n\t\t\t\t\t<div class=\"e-con-inner\">\n\t\t\t\t<div class=\"elementor-element elementor-element-c5f6378 elementor-widget elementor-widget-heading\" data-id=\"c5f6378\" data-element_type=\"widget\" data-widget_type=\"heading.default\">\n\t\t\t\t<div class=\"elementor-widget-container\">\n\t\t\t\t\t<h2 class=\"elementor-heading-title elementor-size-default\"><span style='color:#FF0000'>13,5% Alc<\/span><\/h2>\t\t\t\t<\/div>\n\t\t\t\t<\/div>\n\t\t\t\t\t<\/div>\n\t\t\t\t<\/div>\n\t\t\t\t<div class=\"elementor-element elementor-element-1a61a4e1 elementor-widget elementor-widget-text-editor\" data-id=\"1a61a4e1\" data-element_type=\"widget\" data-widget_type=\"text-editor.default\">\n\t\t\t\t<div class=\"elementor-widget-container\">\n\t\t\t\t\t\t\t\t\t<p>120.000f<\/p>\t\t\t\t\t\t\t\t<\/div>\n\t\t\t\t<\/div>\n\t\t\t\t<div class=\"elementor-element elementor-element-33fa2039 elementor-align-center elementor-widget elementor-widget-button\" data-id=\"33fa2039\" data-element_type=\"widget\" data-widget_type=\"button.default\">\n\t\t\t\t<div class=\"elementor-widget-container\">\n\t\t\t\t\t\t\t\t\t<div class=\"elementor-button-wrapper\">\n\t\t\t\t\t<a class=\"elementor-button elementor-button-link elementor-size-sm\" href=\"#\">\n\t\t\t\t\t\t<span class=\"elementor-button-content-wrapper\">\n\t\t\t\t\t\t\t\t\t<span class=\"elementor-button-text\">Commandez<\/span>\n\t\t\t\t\t<\/span>\n\t\t\t\t\t<\/a>\n\t\t\t\t<\/div>\n\t\t\t\t\t\t\t\t<\/div>\n\t\t\t\t<\/div>\n\t\t\t\t<\/div>\n\t\t\t\t\t<\/div>\n\t\t\t\t<\/div>\n\t\t<div class=\"elementor-element elementor-element-520a8c24 e-flex e-con-boxed wpr-particle-no wpr-jarallax-no wpr-parallax-no wpr-sticky-section-no e-con e-parent\" data-id=\"520a8c24\" data-element_type=\"container\">\n\t\t\t\t\t<div class=\"e-con-inner\">\n\t\t\t\t<div class=\"elementor-element elementor-element-532af195 elementor-widget elementor-widget-spacer\" data-id=\"532af195\" data-element_type=\"widget\" data-widget_type=\"spacer.default\">\n\t\t\t\t<div class=\"elementor-widget-container\">\n\t\t\t\t\t\t\t<div class=\"elementor-spacer\">\n\t\t\t<div class=\"elementor-spacer-inner\"><\/div>\n\t\t<\/div>\n\t\t\t\t\t\t<\/div>\n\t\t\t\t<\/div>\n\t\t\t\t\t<\/div>\n\t\t\t\t<\/div>\n\t\t<div class=\"elementor-element elementor-element-3aebf54 e-flex e-con-boxed wpr-particle-no wpr-jarallax-no wpr-parallax-no wpr-sticky-section-no e-con e-parent\" data-id=\"3aebf54\" data-element_type=\"container\">\n\t\t\t\t\t<div class=\"e-con-inner\">\n\t\t\t\t<div class=\"elementor-element elementor-element-ce06dd7 elementor-widget elementor-widget-spacer\" data-id=\"ce06dd7\" data-element_type=\"widget\" data-widget_type=\"spacer.default\">\n\t\t\t\t<div class=\"elementor-widget-container\">\n\t\t\t\t\t\t\t<div class=\"elementor-spacer\">\n\t\t\t<div class=\"elementor-spacer-inner\"><\/div>\n\t\t<\/div>\n\t\t\t\t\t\t<\/div>\n\t\t\t\t<\/div>\n\t\t\t\t\t<\/div>\n\t\t\t\t<\/div>\n\t\t\t\t<\/div>\n\t\t","protected":false},"excerpt":{"rendered":"<p>Sentier des \u00e9toiles Le sentier des \u00e9toiles 2022 (75cl) 13,5% Alc 120.000f Commandez<\/p>\n","protected":false},"author":1,"featured_media":0,"parent":0,"menu_order":0,"comment_status":"closed","ping_status":"closed","template":"","meta":{"ocean_post_layout":"full-screen","ocean_both_sidebars_style":"","ocean_both_sidebars_content_width":0,"ocean_both_sidebars_sidebars_width":0,"ocean_sidebar":"","ocean_second_sidebar":"","ocean_disable_margins":"enable","ocean_add_body_class":"","ocean_shortcode_before_top_bar":"","ocean_shortcode_after_top_bar":"","ocean_shortcode_before_header":"","ocean_shortcode_after_header":"","ocean_has_shortcode":"","ocean_shortcode_after_title":"","ocean_shortcode_before_footer_widgets":"","ocean_shortcode_after_footer_widgets":"","ocean_shortcode_before_footer_bottom":"","ocean_shortcode_after_footer_bottom":"","ocean_display_top_bar":"off","ocean_display_header":"default","ocean_header_style":"","ocean_center_header_left_menu":"","ocean_custom_header_template":"","ocean_custom_logo":0,"ocean_custom_retina_logo":0,"ocean_custom_logo_max_width":0,"ocean_custom_logo_tablet_max_width":0,"ocean_custom_logo_mobile_max_width":0,"ocean_custom_logo_max_height":0,"ocean_custom_logo_tablet_max_height":0,"ocean_custom_logo_mobile_max_height":0,"ocean_header_custom_menu":"","ocean_menu_typo_font_family":"","ocean_menu_typo_font_subset":"","ocean_menu_typo_font_size":0,"ocean_menu_typo_font_size_tablet":0,"ocean_menu_typo_font_size_mobile":0,"ocean_menu_typo_font_size_unit":"px","ocean_menu_typo_font_weight":"","ocean_menu_typo_font_weight_tablet":"","ocean_menu_typo_font_weight_mobile":"","ocean_menu_typo_transform":"","ocean_menu_typo_transform_tablet":"","ocean_menu_typo_transform_mobile":"","ocean_menu_typo_line_height":0,"ocean_menu_typo_line_height_tablet":0,"ocean_menu_typo_line_height_mobile":0,"ocean_menu_typo_line_height_unit":"","ocean_menu_typo_spacing":0,"ocean_menu_typo_spacing_tablet":0,"ocean_menu_typo_spacing_mobile":0,"ocean_menu_typo_spacing_unit":"","ocean_menu_link_color":"","ocean_menu_link_color_hover":"","ocean_menu_link_color_active":"","ocean_menu_link_background":"","ocean_menu_link_hover_background":"","ocean_menu_link_active_background":"","ocean_menu_social_links_bg":"","ocean_menu_social_hover_links_bg":"","ocean_menu_social_links_color":"","ocean_menu_social_hover_links_color":"","ocean_disable_title":"on","ocean_disable_heading":"default","ocean_post_title":"","ocean_post_subheading":"","ocean_post_title_style":"","ocean_post_title_background_color":"","ocean_post_title_background":0,"ocean_post_title_bg_image_position":"","ocean_post_title_bg_image_attachment":"","ocean_post_title_bg_image_repeat":"","ocean_post_title_bg_image_size":"","ocean_post_title_height":0,"ocean_post_title_bg_overlay":0.5,"ocean_post_title_bg_overlay_color":"","ocean_disable_breadcrumbs":"default","ocean_breadcrumbs_color":"","ocean_breadcrumbs_separator_color":"","ocean_breadcrumbs_links_color":"","ocean_breadcrumbs_links_hover_color":"","ocean_display_footer_widgets":"off","ocean_display_footer_bottom":"off","ocean_custom_footer_template":"","footnotes":""},"class_list":["post-38","page","type-page","status-publish","hentry","entry"],"yoast_head":"<!-- This site is optimized with the Yoast SEO plugin v24.1 - https:\/\/yoast.com\/wordpress\/plugins\/seo\/ -->\n<title>Sentier des \u00e9toiles - The Authentic J<\/title>\n<meta name=\"robots\" content=\"index, follow, max-snippet:-1, max-image-preview:large, max-video-preview:-1\" \/>\n<link rel=\"canonical\" href=\"https:\/\/theauthenticj.com\/?page_id=38\" \/>\n<meta property=\"og:locale\" content=\"en_US\" \/>\n<meta property=\"og:type\" content=\"article\" \/>\n<meta property=\"og:title\" content=\"Sentier des \u00e9toiles - The Authentic J\" \/>\n<meta property=\"og:description\" content=\"Sentier des \u00e9toiles Le sentier des \u00e9toiles 2022 (75cl) 13,5% Alc 120.000f Commandez\" \/>\n<meta property=\"og:url\" content=\"https:\/\/theauthenticj.com\/?page_id=38\" \/>\n<meta property=\"og:site_name\" content=\"The Authentic J\" \/>\n<meta property=\"article:modified_time\" content=\"2024-05-24T14:37:53+00:00\" \/>\n<meta property=\"og:image\" content=\"https:\/\/theauthenticj.com\/wp-content\/uploads\/2024\/05\/SENTIER-DES-ETOILES-1.jpg\" \/>\n<meta name=\"twitter:card\" content=\"summary_large_image\" \/>\n<meta name=\"twitter:label1\" content=\"Est. reading time\" \/>\n\t<meta name=\"twitter:data1\" content=\"1 minute\" \/>\n<script type=\"application\/ld+json\" class=\"yoast-schema-graph\">{\"@context\":\"https:\/\/schema.org\",\"@graph\":[{\"@type\":\"WebPage\",\"@id\":\"https:\/\/theauthenticj.com\/?page_id=38\",\"url\":\"https:\/\/theauthenticj.com\/?page_id=38\",\"name\":\"Sentier des \u00e9toiles - The Authentic J\",\"isPartOf\":{\"@id\":\"https:\/\/theauthenticj.com\/#website\"},\"primaryImageOfPage\":{\"@id\":\"https:\/\/theauthenticj.com\/?page_id=38#primaryimage\"},\"image\":{\"@id\":\"https:\/\/theauthenticj.com\/?page_id=38#primaryimage\"},\"thumbnailUrl\":\"https:\/\/theauthenticj.com\/wp-content\/uploads\/2024\/05\/SENTIER-DES-ETOILES-1.jpg\",\"datePublished\":\"2024-05-02T17:43:48+00:00\",\"dateModified\":\"2024-05-24T14:37:53+00:00\",\"inLanguage\":\"en-US\",\"potentialAction\":[{\"@type\":\"ReadAction\",\"target\":[\"https:\/\/theauthenticj.com\/?page_id=38\"]}]},{\"@type\":\"ImageObject\",\"inLanguage\":\"en-US\",\"@id\":\"https:\/\/theauthenticj.com\/?page_id=38#primaryimage\",\"url\":\"https:\/\/theauthenticj.com\/wp-content\/uploads\/2024\/05\/SENTIER-DES-ETOILES-1.jpg\",\"contentUrl\":\"https:\/\/theauthenticj.com\/wp-content\/uploads\/2024\/05\/SENTIER-DES-ETOILES-1.jpg\",\"width\":400,\"height\":300},{\"@type\":\"WebSite\",\"@id\":\"https:\/\/theauthenticj.com\/#website\",\"url\":\"https:\/\/theauthenticj.com\/\",\"name\":\"The Authentic J\",\"description\":\"\",\"potentialAction\":[{\"@type\":\"SearchAction\",\"target\":{\"@type\":\"EntryPoint\",\"urlTemplate\":\"https:\/\/theauthenticj.com\/?s={search_term_string}\"},\"query-input\":{\"@type\":\"PropertyValueSpecification\",\"valueRequired\":true,\"valueName\":\"search_term_string\"}}],\"inLanguage\":\"en-US\"}]}<\/script>\n<!-- \/ Yoast SEO plugin. -->","yoast_head_json":{"title":"Sentier des \u00e9toiles - The Authentic J","robots":{"index":"index","follow":"follow","max-snippet":"max-snippet:-1","max-image-preview":"max-image-preview:large","max-video-preview":"max-video-preview:-1"},"canonical":"https:\/\/theauthenticj.com\/?page_id=38","og_locale":"en_US","og_type":"article","og_title":"Sentier des \u00e9toiles - The Authentic J","og_description":"Sentier des \u00e9toiles Le sentier des \u00e9toiles 2022 (75cl) 13,5% Alc 120.000f Commandez","og_url":"https:\/\/theauthenticj.com\/?page_id=38","og_site_name":"The Authentic J","article_modified_time":"2024-05-24T14:37:53+00:00","og_image":[{"url":"https:\/\/theauthenticj.com\/wp-content\/uploads\/2024\/05\/SENTIER-DES-ETOILES-1.jpg","type":"","width":"","height":""}],"twitter_card":"summary_large_image","twitter_misc":{"Est. reading time":"1 minute"},"schema":{"@context":"https:\/\/schema.org","@graph":[{"@type":"WebPage","@id":"https:\/\/theauthenticj.com\/?page_id=38","url":"https:\/\/theauthenticj.com\/?page_id=38","name":"Sentier des \u00e9toiles - The Authentic J","isPartOf":{"@id":"https:\/\/theauthenticj.com\/#website"},"primaryImageOfPage":{"@id":"https:\/\/theauthenticj.com\/?page_id=38#primaryimage"},"image":{"@id":"https:\/\/theauthenticj.com\/?page_id=38#primaryimage"},"thumbnailUrl":"https:\/\/theauthenticj.com\/wp-content\/uploads\/2024\/05\/SENTIER-DES-ETOILES-1.jpg","datePublished":"2024-05-02T17:43:48+00:00","dateModified":"2024-05-24T14:37:53+00:00","inLanguage":"en-US","potentialAction":[{"@type":"ReadAction","target":["https:\/\/theauthenticj.com\/?page_id=38"]}]},{"@type":"ImageObject","inLanguage":"en-US","@id":"https:\/\/theauthenticj.com\/?page_id=38#primaryimage","url":"https:\/\/theauthenticj.com\/wp-content\/uploads\/2024\/05\/SENTIER-DES-ETOILES-1.jpg","contentUrl":"https:\/\/theauthenticj.com\/wp-content\/uploads\/2024\/05\/SENTIER-DES-ETOILES-1.jpg","width":400,"height":300},{"@type":"WebSite","@id":"https:\/\/theauthenticj.com\/#website","url":"https:\/\/theauthenticj.com\/","name":"The Authentic J","description":"","potentialAction":[{"@type":"SearchAction","target":{"@type":"EntryPoint","urlTemplate":"https:\/\/theauthenticj.com\/?s={search_term_string}"},"query-input":{"@type":"PropertyValueSpecification","valueRequired":true,"valueName":"search_term_string"}}],"inLanguage":"en-US"}]}},"_links":{"self":[{"href":"https:\/\/theauthenticj.com\/index.php?rest_route=\/wp\/v2\/pages\/38","targetHints":{"allow":["GET"]}}],"collection":[{"href":"https:\/\/theauthenticj.com\/index.php?rest_route=\/wp\/v2\/pages"}],"about":[{"href":"https:\/\/theauthenticj.com\/index.php?rest_route=\/wp\/v2\/types\/page"}],"author":[{"embeddable":true,"href":"https:\/\/theauthenticj.com\/index.php?rest_route=\/wp\/v2\/users\/1"}],"replies":[{"embeddable":true,"href":"https:\/\/theauthenticj.com\/index.php?rest_route=%2Fwp%2Fv2%2Fcomments&post=38"}],"version-history":[{"count":26,"href":"https:\/\/theauthenticj.com\/index.php?rest_route=\/wp\/v2\/pages\/38\/revisions"}],"predecessor-version":[{"id":1265,"href":"https:\/\/theauthenticj.com\/index.php?rest_route=\/wp\/v2\/pages\/38\/revisions\/1265"}],"wp:attachment":[{"href":"https:\/\/theauthenticj.com\/index.php?rest_route=%2Fwp%2Fv2%2Fmedia&parent=38"}],"curies":[{"name":"wp","href":"https:\/\/api.w.org\/{rel}","templated":true}]}}